{"id":55376,"date":"2020-10-26T17:47:34","date_gmt":"2020-10-26T17:47:34","guid":{"rendered":"http:\/\/www.deandresabogado.com\/?page_id=55376"},"modified":"2020-11-15T23:01:40","modified_gmt":"2020-11-15T23:01:40","slug":"derecho-penal","status":"publish","type":"page","link":"https:\/\/www.deandresabogado.com\/index.php\/derecho-penal\/","title":{"rendered":"Derecho Penal"},"content":{"rendered":"<p>[et_pb_section fb_built=\u00bb1&#8243; fullwidth=\u00bbon\u00bb _builder_version=\u00bb4.4.3&#8243; background_enable_image=\u00bboff\u00bb global_module=\u00bb54471&#8243; saved_tabs=\u00bball\u00bb locked=\u00bboff\u00bb][et_pb_fullwidth_post_title meta=\u00bboff\u00bb featured_image=\u00bboff\u00bb text_color=\u00bblight\u00bb admin_label=\u00bbInnerpage Header\u00bb _builder_version=\u00bb4.6.5&#8243; _dynamic_attributes=\u00bbbackground_image\u00bb title_font_size=\u00bb34px\u00bb use_background_color_gradient=\u00bbon\u00bb background_color_gradient_start=\u00bbrgba(16,25,75,0.8)\u00bb background_color_gradient_end=\u00bbrgba(16,25,75,0.8)\u00bb background_color_gradient_overlays_image=\u00bbon\u00bb background_image=\u00bb@ET-DC@eyJkeW5hbWljIjp0cnVlLCJjb250ZW50IjoicG9zdF9mZWF0dXJlZF9pbWFnZSIsInNldHRpbmdzIjp7fX0=@\u00bb custom_padding=\u00bb||60px||false|false\u00bb][\/et_pb_fullwidth_post_title][\/et_pb_section][et_pb_section fb_built=\u00bb1&#8243; specialty=\u00bbon\u00bb module_class=\u00bbda-about-cta\u00bb _builder_version=\u00bb4.4.2&#8243; use_background_color_gradient=\u00bbon\u00bb background_color_gradient_start=\u00bbrgba(255,255,255,0.9)\u00bb background_color_gradient_end=\u00bbrgba(255,255,255,0.9)\u00bb background_color_gradient_overlays_image=\u00bbon\u00bb background_image=\u00bbhttp:\/\/www.deandresabogado.com\/wp-content\/uploads\/2020\/04\/consultation-image.jpg\u00bb][et_pb_column type=\u00bb1_2&#8243; _builder_version=\u00bb3.25&#8243; custom_padding=\u00bb|||\u00bb custom_padding__hover=\u00bb|||\u00bb][et_pb_contact_form captcha=\u00bboff\u00bb title=\u00bbGet Free Consultation Now\u00bb submit_button_text=\u00bbSend\u00bb _builder_version=\u00bb4.4.2&#8243; form_field_background_color=\u00bb#ffffff\u00bb title_level=\u00bbh3&#8243; title_font=\u00bb|700|||||||\u00bb form_background_color=\u00bb#ffffff\u00bb][et_pb_contact_field field_id=\u00bbName\u00bb field_title=\u00bbName\u00bb allowed_symbols=\u00bbletters\u00bb _builder_version=\u00bb3.16&#8243; button_text_size__hover_enabled=\u00bboff\u00bb button_one_text_size__hover_enabled=\u00bboff\u00bb button_two_text_size__hover_enabled=\u00bboff\u00bb button_text_color__hover_enabled=\u00bboff\u00bb button_one_text_color__hover_enabled=\u00bboff\u00bb button_two_text_color__hover_enabled=\u00bboff\u00bb button_border_width__hover_enabled=\u00bboff\u00bb button_one_border_width__hover_enabled=\u00bboff\u00bb button_two_border_width__hover_enabled=\u00bboff\u00bb button_border_color__hover_enabled=\u00bboff\u00bb button_one_border_color__hover_enabled=\u00bboff\u00bb button_two_border_color__hover_enabled=\u00bboff\u00bb button_border_radius__hover_enabled=\u00bboff\u00bb button_one_border_radius__hover_enabled=\u00bboff\u00bb button_two_border_radius__hover_enabled=\u00bboff\u00bb button_letter_spacing__hover_enabled=\u00bboff\u00bb button_one_letter_spacing__hover_enabled=\u00bboff\u00bb button_two_letter_spacing__hover_enabled=\u00bboff\u00bb button_bg_color__hover_enabled=\u00bboff\u00bb button_one_bg_color__hover_enabled=\u00bboff\u00bb button_two_bg_color__hover_enabled=\u00bboff\u00bb][\/et_pb_contact_field][et_pb_contact_field field_id=\u00bbEmail\u00bb field_title=\u00bbEmail Address\u00bb field_type=\u00bbemail\u00bb _builder_version=\u00bb3.16&#8243; button_text_size__hover_enabled=\u00bboff\u00bb button_one_text_size__hover_enabled=\u00bboff\u00bb button_two_text_size__hover_enabled=\u00bboff\u00bb button_text_color__hover_enabled=\u00bboff\u00bb button_one_text_color__hover_enabled=\u00bboff\u00bb button_two_text_color__hover_enabled=\u00bboff\u00bb button_border_width__hover_enabled=\u00bboff\u00bb button_one_border_width__hover_enabled=\u00bboff\u00bb button_two_border_width__hover_enabled=\u00bboff\u00bb button_border_color__hover_enabled=\u00bboff\u00bb button_one_border_color__hover_enabled=\u00bboff\u00bb button_two_border_color__hover_enabled=\u00bboff\u00bb button_border_radius__hover_enabled=\u00bboff\u00bb button_one_border_radius__hover_enabled=\u00bboff\u00bb button_two_border_radius__hover_enabled=\u00bboff\u00bb button_letter_spacing__hover_enabled=\u00bboff\u00bb button_one_letter_spacing__hover_enabled=\u00bboff\u00bb button_two_letter_spacing__hover_enabled=\u00bboff\u00bb button_bg_color__hover_enabled=\u00bboff\u00bb button_one_bg_color__hover_enabled=\u00bboff\u00bb button_two_bg_color__hover_enabled=\u00bboff\u00bb][\/et_pb_contact_field][et_pb_contact_field field_id=\u00bbMessage\u00bb field_title=\u00bbMessage\u00bb field_type=\u00bbtext\u00bb fullwidth_field=\u00bbon\u00bb _builder_version=\u00bb3.16&#8243; button_text_size__hover_enabled=\u00bboff\u00bb button_one_text_size__hover_enabled=\u00bboff\u00bb button_two_text_size__hover_enabled=\u00bboff\u00bb button_text_color__hover_enabled=\u00bboff\u00bb button_one_text_color__hover_enabled=\u00bboff\u00bb button_two_text_color__hover_enabled=\u00bboff\u00bb button_border_width__hover_enabled=\u00bboff\u00bb button_one_border_width__hover_enabled=\u00bboff\u00bb button_two_border_width__hover_enabled=\u00bboff\u00bb button_border_color__hover_enabled=\u00bboff\u00bb button_one_border_color__hover_enabled=\u00bboff\u00bb button_two_border_color__hover_enabled=\u00bboff\u00bb button_border_radius__hover_enabled=\u00bboff\u00bb button_one_border_radius__hover_enabled=\u00bboff\u00bb button_two_border_radius__hover_enabled=\u00bboff\u00bb button_letter_spacing__hover_enabled=\u00bboff\u00bb button_one_letter_spacing__hover_enabled=\u00bboff\u00bb button_two_letter_spacing__hover_enabled=\u00bboff\u00bb button_bg_color__hover_enabled=\u00bboff\u00bb button_one_bg_color__hover_enabled=\u00bboff\u00bb button_two_bg_color__hover_enabled=\u00bboff\u00bb][\/et_pb_contact_field][\/et_pb_contact_form][\/et_pb_column][et_pb_column type=\u00bb1_2&#8243; specialty_columns=\u00bb2&#8243; _builder_version=\u00bb3.25&#8243; custom_padding=\u00bb|||\u00bb custom_padding__hover=\u00bb|||\u00bb][et_pb_row_inner column_structure=\u00bb1_2,1_2&#8243; use_custom_gutter=\u00bbon\u00bb gutter_width=\u00bb1&#8243; make_equal=\u00bbon\u00bb admin_label=\u00bbRow\u00bb _builder_version=\u00bb4.4.2&#8243; custom_padding=\u00bb0px||0px||true|false\u00bb border_color_all=\u00bb#f6bb42&#8243; border_width_bottom=\u00bb1px\u00bb border_width_bottom_tablet=\u00bb\u00bb border_width_bottom_phone=\u00bb0px\u00bb border_width_bottom_last_edited=\u00bbon|phone\u00bb][et_pb_column_inner type=\u00bb1_2&#8243; saved_specialty_column_type=\u00bb1_2&#8243; _builder_version=\u00bb4.4.2&#8243; custom_padding=\u00bb30px|20px|30px||true|false\u00bb custom_padding_tablet=\u00bb\u00bb custom_padding_phone=\u00bb|0px|||true|false\u00bb custom_padding_last_edited=\u00bbon|phone\u00bb border_width_right=\u00bb1px\u00bb border_color_right=\u00bb#f6bb42&#8243; border_width_right_tablet=\u00bb\u00bb border_width_right_phone=\u00bb0px\u00bb border_width_right_last_edited=\u00bbon|phone\u00bb custom_padding__hover=\u00bb|||\u00bb][et_pb_blurb title=\u00bb30&#8243; use_icon=\u00bbon\u00bb font_icon=\u00bb%%171%%\u00bb icon_placement=\u00bbleft\u00bb use_icon_font_size=\u00bbon\u00bb icon_font_size=\u00bb36px\u00bb icon_font_size_tablet=\u00bb\u00bb icon_font_size_phone=\u00bb\u00bb icon_font_size_last_edited=\u00bbon|desktop\u00bb admin_label=\u00bbYears of Experience\u00bb _builder_version=\u00bb4.6.5&#8243; header_level=\u00bbh2&#8243; header_font=\u00bb|700|||||||\u00bb header_font_size=\u00bb28&#8243; body_font=\u00bb|700||on|||||\u00bb body_text_color=\u00bb#000000&#8243; body_font_size=\u00bb10&#8243; body_letter_spacing=\u00bb1px\u00bb animation=\u00bboff\u00bb hover_enabled=\u00bb0&#8243; header_font_size_tablet=\u00bb\u00bb header_font_size_phone=\u00bb\u00bb header_font_size_last_edited=\u00bbon|desktop\u00bb body_font_size_tablet=\u00bb\u00bb body_font_size_phone=\u00bb\u00bb body_font_size_last_edited=\u00bbon|phone\u00bb custom_css_blurb_title=\u00bbpadding: 0;\u00bb sticky_enabled=\u00bb0&#8243;]<\/p>\n<p>A\u00f1os de experiencia<\/p>\n<p>[\/et_pb_blurb][\/et_pb_column_inner][et_pb_column_inner type=\u00bb1_2&#8243; saved_specialty_column_type=\u00bb1_2&#8243; _builder_version=\u00bb4.4.2&#8243; custom_padding=\u00bb30px||30px|20px|true|false\u00bb custom_padding_tablet=\u00bb\u00bb custom_padding_phone=\u00bb|||0px|true|false\u00bb custom_padding_last_edited=\u00bbon|phone\u00bb custom_padding__hover=\u00bb|||\u00bb][et_pb_blurb title=\u00bb1000&#8243; use_icon=\u00bbon\u00bb font_icon=\u00bb%%258%%\u00bb icon_placement=\u00bbleft\u00bb use_icon_font_size=\u00bbon\u00bb icon_font_size=\u00bb36px\u00bb admin_label=\u00bbExperienced Lawyers\u00bb _builder_version=\u00bb4.6.5&#8243; header_level=\u00bbh2&#8243; header_font=\u00bb|700|||||||\u00bb header_font_size=\u00bb28&#8243; body_font=\u00bb|700||on|||||\u00bb body_text_color=\u00bb#000000&#8243; body_font_size=\u00bb10&#8243; body_letter_spacing=\u00bb1px\u00bb animation=\u00bboff\u00bb hover_enabled=\u00bb0&#8243; header_font_size_tablet=\u00bb\u00bb header_font_size_phone=\u00bb\u00bb header_font_size_last_edited=\u00bbon|desktop\u00bb body_font_size_tablet=\u00bb\u00bb body_font_size_phone=\u00bb\u00bb body_font_size_last_edited=\u00bbon|phone\u00bb custom_css_blurb_title=\u00bbpadding: 0;\u00bb sticky_enabled=\u00bb0&#8243;]<\/p>\n<p>Casos resueltos<\/p>\n<p>[\/et_pb_blurb][\/et_pb_column_inner][\/et_pb_row_inner][et_pb_row_inner column_structure=\u00bb1_2,1_2&#8243; use_custom_gutter=\u00bbon\u00bb gutter_width=\u00bb1&#8243; make_equal=\u00bbon\u00bb admin_label=\u00bbRow\u00bb _builder_version=\u00bb4.4.2&#8243; custom_padding=\u00bb0px||0px||true|false\u00bb][et_pb_column_inner type=\u00bb1_2&#8243; saved_specialty_column_type=\u00bb1_2&#8243; _builder_version=\u00bb4.4.2&#8243; custom_padding=\u00bb30px|20px|30px||true|false\u00bb custom_padding_tablet=\u00bb\u00bb custom_padding_phone=\u00bb|0px|||true|false\u00bb custom_padding_last_edited=\u00bbon|phone\u00bb border_width_right=\u00bb1px\u00bb border_color_right=\u00bb#f6bb42&#8243; border_width_right_tablet=\u00bb\u00bb border_width_right_phone=\u00bb0px\u00bb border_width_right_last_edited=\u00bbon|phone\u00bb custom_padding__hover=\u00bb|||\u00bb][et_pb_blurb title=\u00bb50&#8243; use_icon=\u00bbon\u00bb font_icon=\u00bb%%259%%\u00bb icon_placement=\u00bbleft\u00bb use_icon_font_size=\u00bbon\u00bb icon_font_size=\u00bb36px\u00bb admin_label=\u00bbTalented Associates\u00bb _builder_version=\u00bb4.4.2&#8243; header_level=\u00bbh2&#8243; header_font=\u00bb|700|||||||\u00bb header_font_size=\u00bb28&#8243; body_font=\u00bb|700||on|||||\u00bb body_text_color=\u00bb#000000&#8243; body_font_size=\u00bb10&#8243; body_letter_spacing=\u00bb1px\u00bb animation=\u00bboff\u00bb header_font_size_tablet=\u00bb\u00bb header_font_size_phone=\u00bb\u00bb header_font_size_last_edited=\u00bbon|desktop\u00bb body_font_size_tablet=\u00bb\u00bb body_font_size_phone=\u00bb\u00bb body_font_size_last_edited=\u00bbon|desktop\u00bb custom_css_blurb_title=\u00bbpadding: 0;\u00bb]Talented Associates[\/et_pb_blurb][\/et_pb_column_inner][et_pb_column_inner type=\u00bb1_2&#8243; saved_specialty_column_type=\u00bb1_2&#8243; _builder_version=\u00bb4.4.2&#8243; custom_padding=\u00bb30px||30px|20px|true|false\u00bb custom_padding_tablet=\u00bb\u00bb custom_padding_phone=\u00bb|||0px|true|false\u00bb custom_padding_last_edited=\u00bbon|phone\u00bb custom_padding__hover=\u00bb|||\u00bb][et_pb_blurb title=\u00bb2050&#8243; use_icon=\u00bbon\u00bb font_icon=\u00bb%%168%%\u00bb icon_placement=\u00bbleft\u00bb use_icon_font_size=\u00bbon\u00bb icon_font_size=\u00bb44px\u00bb admin_label=\u00bbSuccess Stories\u00bb _builder_version=\u00bb4.4.2&#8243; header_level=\u00bbh2&#8243; header_font=\u00bb|700|||||||\u00bb header_font_size=\u00bb28&#8243; body_font=\u00bb|700||on|||||\u00bb body_text_color=\u00bb#000000&#8243; body_font_size=\u00bb10&#8243; body_letter_spacing=\u00bb1px\u00bb animation=\u00bboff\u00bb header_font_size_tablet=\u00bb\u00bb header_font_size_phone=\u00bb\u00bb header_font_size_last_edited=\u00bbon|desktop\u00bb body_font_size_tablet=\u00bb\u00bb body_font_size_phone=\u00bb\u00bb body_font_size_last_edited=\u00bbon|desktop\u00bb custom_css_blurb_title=\u00bbpadding: 0;\u00bb]Success Stories[\/et_pb_blurb][\/et_pb_column_inner][\/et_pb_row_inner][\/et_pb_column][\/et_pb_section][et_pb_section fb_built=\u00bb1&#8243; module_id=\u00bbour-mission\u00bb _builder_version=\u00bb3.22&#8243;][et_pb_row column_structure=\u00bb1_2,1_2&#8243; _builder_version=\u00bb3.25&#8243;][et_pb_column type=\u00bb1_2&#8243; _builder_version=\u00bb3.25&#8243; custom_padding=\u00bb|||\u00bb custom_padding__hover=\u00bb|||\u00bb][et_pb_text admin_label=\u00bbOur Mission\u00bb _builder_version=\u00bb4.6.5&#8243; header_3_font=\u00bb|700|||||||\u00bb header_3_line_height=\u00bb1.3em\u00bb custom_margin=\u00bb||15px||false|false\u00bb hover_enabled=\u00bb0&#8243; sticky_enabled=\u00bb0&#8243;]<\/p>\n<h3>Derecho Penal<\/h3>\n<p><span style=\"font-weight: 400;\">A\u00f1os de experiencia en la asistencia en todo tipo de expedientes judiciales penales, tanto como defensa, como de acusaci\u00f3n particular. Asistencia a detenidos ante los cuerpos policiales, ante los Tribunales Penales y Juzgados de Menores. Asistencia a juicios en defensa de los intereses de imputados y\/o perjudicados. Recursos contra todo tipo de Resoluciones penales, tales como embargos, ingresos en prisi\u00f3n<\/span><\/p>\n<p>[\/et_pb_text][\/et_pb_column][et_pb_column type=\u00bb1_2&#8243; _builder_version=\u00bb3.25&#8243; custom_padding=\u00bb|||\u00bb custom_padding__hover=\u00bb|||\u00bb][et_pb_text admin_label=\u00bbFrequently asked questions\u00bb _builder_version=\u00bb4.6.5&#8243; header_3_font=\u00bb|700|||||||\u00bb header_3_line_height=\u00bb1.3em\u00bb custom_margin=\u00bb||15px||false|false\u00bb]<\/p>\n<h3>Preguntas Frecuentes<\/h3>\n<p>[\/et_pb_text][et_pb_toggle title=\u00bbWhat type of cases do you generally handle?\u00bb admin_label=\u00bbFAQ\u00bb _builder_version=\u00bb4.4.2&#8243;]Nemo enim ipsam voluptatem quia voluptas sit aspernatur aut odit aut fugit, sed quia consequuntur magni dolores eos qui ratione voluptatem sequi nesciunt. Neque porro quisquam est, qui dolorem ipsum quia dolor sit amet, consectetur, adipisci velit, sed quia non numquam eius modi tempora incidunt ut labore et dolore magnam aliquam quaerat voluptatem.<br \/>\n[\/et_pb_toggle][et_pb_toggle title=\u00bbHow will you let me know what&#8217;s happening with my case?\u00bb admin_label=\u00bbFAQ\u00bb _builder_version=\u00bb4.4.2&#8243;]Nemo enim ipsam voluptatem quia voluptas sit aspernatur aut odit aut fugit, sed quia consequuntur magni dolores eos qui ratione voluptatem sequi nesciunt. Neque porro quisquam est, qui dolorem ipsum quia dolor sit amet, consectetur, adipisci velit, sed quia non numquam eius modi tempora incidunt ut labore et dolore magnam aliquam quaerat voluptatem.<br \/>\n[\/et_pb_toggle][et_pb_toggle title=\u00bbWhat should I expect when I hire an attorney?\u00bb admin_label=\u00bbFAQ\u00bb _builder_version=\u00bb4.4.2&#8243;]Nemo enim ipsam voluptatem quia voluptas sit aspernatur aut odit aut fugit, sed quia consequuntur magni dolores eos qui ratione voluptatem sequi nesciunt. Neque porro quisquam est, qui dolorem ipsum quia dolor sit amet, consectetur, adipisci velit, sed quia non numquam eius modi tempora incidunt ut labore et dolore magnam aliquam quaerat voluptatem.<br \/>\n[\/et_pb_toggle][\/et_pb_column][\/et_pb_row][\/et_pb_section]<\/p>\n","protected":false},"excerpt":{"rendered":"<p>A\u00f1os de experiencia Casos resueltos Talented AssociatesSuccess StoriesDerecho Penal A\u00f1os de experiencia en la asistencia en todo tipo de expedientes judiciales penales, tanto como defensa, como de acusaci\u00f3n particular. Asistencia a detenidos ante los cuerpos policiales, ante los Tribunales Penales y Juzgados de Menores. Asistencia a juicios en defensa de los intereses de imputados y\/o [&hellip;]<\/p>\n","protected":false},"author":1,"featured_media":0,"parent":0,"menu_order":0,"comment_status":"closed","ping_status":"closed","template":"","meta":{"_et_pb_use_builder":"on","_et_pb_old_content":"","_et_gb_content_width":""},"yoast_head":"<!-- This site is optimized with the Yoast SEO plugin v19.9 - https:\/\/yoast.com\/wordpress\/plugins\/seo\/ -->\n<title>Derecho Penal - De Andr\u00e9s Abogado<\/title>\n<meta name=\"robots\" content=\"index, follow, max-snippet:-1, max-image-preview:large, max-video-preview:-1\" \/>\n<link rel=\"canonical\" href=\"https:\/\/www.deandresabogado.com\/index.php\/derecho-penal\/\" \/>\n<meta property=\"og:locale\" content=\"es_ES\" \/>\n<meta property=\"og:type\" content=\"article\" \/>\n<meta property=\"og:title\" content=\"Derecho Penal - De Andr\u00e9s Abogado\" \/>\n<meta property=\"og:description\" content=\"A\u00f1os de experiencia Casos resueltos Talented AssociatesSuccess StoriesDerecho Penal A\u00f1os de experiencia en la asistencia en todo tipo de expedientes judiciales penales, tanto como defensa, como de acusaci\u00f3n particular. Asistencia a detenidos ante los cuerpos policiales, ante los Tribunales Penales y Juzgados de Menores. Asistencia a juicios en defensa de los intereses de imputados y\/o [&hellip;]\" \/>\n<meta property=\"og:url\" content=\"https:\/\/www.deandresabogado.com\/index.php\/derecho-penal\/\" \/>\n<meta property=\"og:site_name\" content=\"De Andr\u00e9s Abogado\" \/>\n<meta property=\"article:modified_time\" content=\"2020-11-15T23:01:40+00:00\" \/>\n<meta name=\"twitter:card\" content=\"summary_large_image\" \/>\n<meta name=\"twitter:label1\" content=\"Tiempo de lectura\" \/>\n\t<meta name=\"twitter:data1\" content=\"9 minutos\" \/>\n<script type=\"application\/ld+json\" class=\"yoast-schema-graph\">{\"@context\":\"https:\/\/schema.org\",\"@graph\":[{\"@type\":\"WebPage\",\"@id\":\"https:\/\/www.deandresabogado.com\/index.php\/derecho-penal\/\",\"url\":\"https:\/\/www.deandresabogado.com\/index.php\/derecho-penal\/\",\"name\":\"Derecho Penal - De Andr\u00e9s Abogado\",\"isPartOf\":{\"@id\":\"https:\/\/www.deandresabogado.com\/#website\"},\"datePublished\":\"2020-10-26T17:47:34+00:00\",\"dateModified\":\"2020-11-15T23:01:40+00:00\",\"breadcrumb\":{\"@id\":\"https:\/\/www.deandresabogado.com\/index.php\/derecho-penal\/#breadcrumb\"},\"inLanguage\":\"es\",\"potentialAction\":[{\"@type\":\"ReadAction\",\"target\":[\"https:\/\/www.deandresabogado.com\/index.php\/derecho-penal\/\"]}]},{\"@type\":\"BreadcrumbList\",\"@id\":\"https:\/\/www.deandresabogado.com\/index.php\/derecho-penal\/#breadcrumb\",\"itemListElement\":[{\"@type\":\"ListItem\",\"position\":1,\"name\":\"Home\",\"item\":\"https:\/\/www.deandresabogado.com\/\"},{\"@type\":\"ListItem\",\"position\":2,\"name\":\"Derecho Penal\"}]},{\"@type\":\"WebSite\",\"@id\":\"https:\/\/www.deandresabogado.com\/#website\",\"url\":\"https:\/\/www.deandresabogado.com\/\",\"name\":\"De Andr\u00e9s Abogado\",\"description\":\"Abogado Algeciras\",\"potentialAction\":[{\"@type\":\"SearchAction\",\"target\":{\"@type\":\"EntryPoint\",\"urlTemplate\":\"https:\/\/www.deandresabogado.com\/?s={search_term_string}\"},\"query-input\":\"required name=search_term_string\"}],\"inLanguage\":\"es\"}]}<\/script>\n<!-- \/ Yoast SEO plugin. -->","yoast_head_json":{"title":"Derecho Penal - De Andr\u00e9s Abogado","robots":{"index":"index","follow":"follow","max-snippet":"max-snippet:-1","max-image-preview":"max-image-preview:large","max-video-preview":"max-video-preview:-1"},"canonical":"https:\/\/www.deandresabogado.com\/index.php\/derecho-penal\/","og_locale":"es_ES","og_type":"article","og_title":"Derecho Penal - De Andr\u00e9s Abogado","og_description":"A\u00f1os de experiencia Casos resueltos Talented AssociatesSuccess StoriesDerecho Penal A\u00f1os de experiencia en la asistencia en todo tipo de expedientes judiciales penales, tanto como defensa, como de acusaci\u00f3n particular. Asistencia a detenidos ante los cuerpos policiales, ante los Tribunales Penales y Juzgados de Menores. Asistencia a juicios en defensa de los intereses de imputados y\/o [&hellip;]","og_url":"https:\/\/www.deandresabogado.com\/index.php\/derecho-penal\/","og_site_name":"De Andr\u00e9s Abogado","article_modified_time":"2020-11-15T23:01:40+00:00","twitter_card":"summary_large_image","twitter_misc":{"Tiempo de lectura":"9 minutos"},"schema":{"@context":"https:\/\/schema.org","@graph":[{"@type":"WebPage","@id":"https:\/\/www.deandresabogado.com\/index.php\/derecho-penal\/","url":"https:\/\/www.deandresabogado.com\/index.php\/derecho-penal\/","name":"Derecho Penal - De Andr\u00e9s Abogado","isPartOf":{"@id":"https:\/\/www.deandresabogado.com\/#website"},"datePublished":"2020-10-26T17:47:34+00:00","dateModified":"2020-11-15T23:01:40+00:00","breadcrumb":{"@id":"https:\/\/www.deandresabogado.com\/index.php\/derecho-penal\/#breadcrumb"},"inLanguage":"es","potentialAction":[{"@type":"ReadAction","target":["https:\/\/www.deandresabogado.com\/index.php\/derecho-penal\/"]}]},{"@type":"BreadcrumbList","@id":"https:\/\/www.deandresabogado.com\/index.php\/derecho-penal\/#breadcrumb","itemListElement":[{"@type":"ListItem","position":1,"name":"Home","item":"https:\/\/www.deandresabogado.com\/"},{"@type":"ListItem","position":2,"name":"Derecho Penal"}]},{"@type":"WebSite","@id":"https:\/\/www.deandresabogado.com\/#website","url":"https:\/\/www.deandresabogado.com\/","name":"De Andr\u00e9s Abogado","description":"Abogado Algeciras","potentialAction":[{"@type":"SearchAction","target":{"@type":"EntryPoint","urlTemplate":"https:\/\/www.deandresabogado.com\/?s={search_term_string}"},"query-input":"required name=search_term_string"}],"inLanguage":"es"}]}},"_links":{"self":[{"href":"https:\/\/www.deandresabogado.com\/index.php\/wp-json\/wp\/v2\/pages\/55376"}],"collection":[{"href":"https:\/\/www.deandresabogado.com\/index.php\/wp-json\/wp\/v2\/pages"}],"about":[{"href":"https:\/\/www.deandresabogado.com\/index.php\/wp-json\/wp\/v2\/types\/page"}],"author":[{"embeddable":true,"href":"https:\/\/www.deandresabogado.com\/index.php\/wp-json\/wp\/v2\/users\/1"}],"replies":[{"embeddable":true,"href":"https:\/\/www.deandresabogado.com\/index.php\/wp-json\/wp\/v2\/comments?post=55376"}],"version-history":[{"count":3,"href":"https:\/\/www.deandresabogado.com\/index.php\/wp-json\/wp\/v2\/pages\/55376\/revisions"}],"predecessor-version":[{"id":55418,"href":"https:\/\/www.deandresabogado.com\/index.php\/wp-json\/wp\/v2\/pages\/55376\/revisions\/55418"}],"wp:attachment":[{"href":"https:\/\/www.deandresabogado.com\/index.php\/wp-json\/wp\/v2\/media?parent=55376"}],"curies":[{"name":"wp","href":"https:\/\/api.w.org\/{rel}","templated":true}]}}