{"id":413,"date":"2017-12-08T11:06:09","date_gmt":"2017-12-08T11:06:09","guid":{"rendered":"http:\/\/demo.diviextended.com\/divi-attorney\/?page_id=413"},"modified":"2020-12-03T09:46:04","modified_gmt":"2020-12-03T09:46:04","slug":"attorney-profile","status":"publish","type":"page","link":"https:\/\/www.deandresabogado.com\/index.php\/attorney-profile\/","title":{"rendered":"Derecho Fiscal y Tributario"},"content":{"rendered":"<p>[et_pb_section fb_built=\u00bb1&#8243; fullwidth=\u00bbon\u00bb _builder_version=\u00bb4.6.5&#8243; background_enable_image=\u00bboff\u00bb global_module=\u00bb54471&#8243; saved_tabs=\u00bball\u00bb locked=\u00bboff\u00bb][et_pb_fullwidth_post_title meta=\u00bboff\u00bb featured_image=\u00bboff\u00bb text_color=\u00bblight\u00bb admin_label=\u00bbInnerpage Header\u00bb _builder_version=\u00bb4.6.5&#8243; _dynamic_attributes=\u00bbbackground_image\u00bb title_font_size=\u00bb34px\u00bb use_background_color_gradient=\u00bbon\u00bb background_color_gradient_start=\u00bbrgba(16,25,75,0.8)\u00bb background_color_gradient_end=\u00bbrgba(16,25,75,0.8)\u00bb background_color_gradient_overlays_image=\u00bbon\u00bb background_image=\u00bb@ET-DC@eyJkeW5hbWljIjp0cnVlLCJjb250ZW50IjoicG9zdF9mZWF0dXJlZF9pbWFnZSIsInNldHRpbmdzIjp7fX0=@\u00bb custom_padding=\u00bb||60px||false|false\u00bb][\/et_pb_fullwidth_post_title][\/et_pb_section][et_pb_section fb_built=\u00bb1&#8243; specialty=\u00bbon\u00bb _builder_version=\u00bb4.4.2&#8243; custom_padding=\u00bb||40px|\u00bb][et_pb_column type=\u00bb1_3&#8243; _builder_version=\u00bb3.25&#8243; custom_padding=\u00bb|||\u00bb custom_padding__hover=\u00bb|||\u00bb][et_pb_text _builder_version=\u00bb4.6.5&#8243; _module_preset=\u00bbdefault\u00bb]<\/p>\n<h3>DERECHO FISCAL Y TRIBUTARIO<\/h3>\n<p>[\/et_pb_text][\/et_pb_column][et_pb_column type=\u00bb2_3&#8243; specialty_columns=\u00bb2&#8243; _builder_version=\u00bb3.25&#8243; custom_padding=\u00bb|||\u00bb custom_padding__hover=\u00bb|||\u00bb][et_pb_row_inner admin_label=\u00bbRow\u00bb _builder_version=\u00bb3.25&#8243; custom_padding=\u00bb0px|||\u00bb][et_pb_column_inner saved_specialty_column_type=\u00bb2_3&#8243; _builder_version=\u00bb3.25&#8243; custom_padding=\u00bb|||\u00bb custom_padding__hover=\u00bb|||\u00bb][et_pb_text admin_label=\u00bbContent\u00bb _builder_version=\u00bb4.6.5&#8243;]<\/p>\n<p><span style=\"font-weight: 400;\">Despacho con amplia experiencia en el asesoramiento fiscal y tributario, de empresa y\/o individual. Asistencia a inspecciones fiscales, interposici\u00f3n de recursos, formalizaci\u00f3n de declaraci\u00f3n de todo tipo de impuestos y\/o tasas. Liquidaci\u00f3n de escrituras y\/o documentos notariales de cualquier tipo.<\/span><\/p>\n<p>[\/et_pb_text][et_pb_button button_url=\u00bb@ET-DC@eyJkeW5hbWljIjp0cnVlLCJjb250ZW50IjoicG9zdF9saW5rX3VybF9wYWdlIiwic2V0dGluZ3MiOnsicG9zdF9pZCI6IjU0NCJ9fQ==@\u00bb button_text=\u00bbCons\u00faltanos\u00bb admin_label=\u00bbAppointment Button\u00bb _builder_version=\u00bb4.6.5&#8243; _dynamic_attributes=\u00bbbutton_url\u00bb background_layout=\u00bbdark\u00bb hover_enabled=\u00bb0&#8243; button_text_size__hover_enabled=\u00bboff\u00bb button_one_text_size__hover_enabled=\u00bboff\u00bb button_two_text_size__hover_enabled=\u00bboff\u00bb button_text_color__hover_enabled=\u00bboff\u00bb button_one_text_color__hover_enabled=\u00bboff\u00bb button_two_text_color__hover_enabled=\u00bboff\u00bb button_border_width__hover_enabled=\u00bboff\u00bb button_one_border_width__hover_enabled=\u00bboff\u00bb button_two_border_width__hover_enabled=\u00bboff\u00bb button_border_color__hover_enabled=\u00bboff\u00bb button_one_border_color__hover_enabled=\u00bboff\u00bb button_two_border_color__hover_enabled=\u00bboff\u00bb button_border_radius__hover_enabled=\u00bboff\u00bb button_one_border_radius__hover_enabled=\u00bboff\u00bb button_two_border_radius__hover_enabled=\u00bboff\u00bb button_letter_spacing__hover_enabled=\u00bboff\u00bb button_one_letter_spacing__hover_enabled=\u00bboff\u00bb button_two_letter_spacing__hover_enabled=\u00bboff\u00bb button_bg_color__hover_enabled=\u00bboff\u00bb button_one_bg_color__hover_enabled=\u00bboff\u00bb button_two_bg_color__hover_enabled=\u00bboff\u00bb sticky_enabled=\u00bb0&#8243;][\/et_pb_button][\/et_pb_column_inner][\/et_pb_row_inner][\/et_pb_column][\/et_pb_section][et_pb_section fb_built=\u00bb1&#8243; _builder_version=\u00bb4.4.2&#8243; background_color=\u00bb#f4f4f4&#8243;][et_pb_row column_structure=\u00bb1_4,1_4,1_4,1_4&#8243; custom_padding_last_edited=\u00bboff|tablet\u00bb _builder_version=\u00bb4.4.2&#8243; custom_padding=\u00bb0px||0px|\u00bb][et_pb_column type=\u00bb1_4&#8243; _builder_version=\u00bb3.25&#8243; custom_padding=\u00bb|||\u00bb custom_padding__hover=\u00bb|||\u00bb][et_pb_blurb title=\u00bbFiscal\u00bb use_icon=\u00bbon\u00bb font_icon=\u00bb%%168%%\u00bb icon_placement=\u00bbleft\u00bb admin_label=\u00bbCriminal Law\u00bb _builder_version=\u00bb4.6.5&#8243; header_level=\u00bbh5&#8243; header_font=\u00bb|700||on|||||\u00bb header_font_size=\u00bb14&#8243; header_letter_spacing=\u00bb1px\u00bb body_font=\u00bb|||on|||||\u00bb body_font_size=\u00bb10px\u00bb body_letter_spacing=\u00bb2px\u00bb animation=\u00bboff\u00bb border_color_all_image=\u00bbrgba(51,51,51,0)\u00bb]<\/p>\n<p>Expertos en Derecho Fiscal<\/p>\n<p>[\/et_pb_blurb][\/et_pb_column][et_pb_column type=\u00bb1_4&#8243; _builder_version=\u00bb3.25&#8243; custom_padding=\u00bb|||\u00bb custom_padding__hover=\u00bb|||\u00bb][et_pb_blurb title=\u00bbTributario\u00bb use_icon=\u00bbon\u00bb font_icon=\u00bb%%141%%\u00bb icon_placement=\u00bbleft\u00bb admin_label=\u00bbDivorce Law\u00bb _builder_version=\u00bb4.6.5&#8243; header_level=\u00bbh5&#8243; header_font=\u00bb|700||on|||||\u00bb header_font_size=\u00bb14&#8243; header_letter_spacing=\u00bb1px\u00bb body_font=\u00bb|||on|||||\u00bb body_font_size=\u00bb10px\u00bb body_letter_spacing=\u00bb2px\u00bb animation=\u00bboff\u00bb border_color_all_image=\u00bbrgba(51,51,51,0)\u00bb]<\/p>\n<p>Expertos en Derecho Tributario<\/p>\n<p>[\/et_pb_blurb][\/et_pb_column][et_pb_column type=\u00bb1_4&#8243; _builder_version=\u00bb3.25&#8243; custom_padding=\u00bb|||\u00bb custom_padding__hover=\u00bb|||\u00bb][et_pb_blurb title=\u00bbInspecciones Fiscales\u00bb use_icon=\u00bbon\u00bb font_icon=\u00bb%%144%%\u00bb icon_placement=\u00bbleft\u00bb admin_label=\u00bbCorporate Law\u00bb _builder_version=\u00bb4.6.5&#8243; header_level=\u00bbh5&#8243; header_font=\u00bb|700||on|||||\u00bb header_font_size=\u00bb14&#8243; header_letter_spacing=\u00bb1px\u00bb body_font=\u00bb|||on|||||\u00bb body_font_size=\u00bb10px\u00bb body_letter_spacing=\u00bb2px\u00bb animation=\u00bboff\u00bb border_color_all_image=\u00bbrgba(51,51,51,0)\u00bb]<\/p>\n<p>Asistencia a Inspecciones Fiscales<\/p>\n<p>[\/et_pb_blurb][\/et_pb_column][et_pb_column type=\u00bb1_4&#8243; _builder_version=\u00bb3.25&#8243; custom_padding=\u00bb|||\u00bb custom_padding__hover=\u00bb|||\u00bb][et_pb_blurb title=\u00bbInterposici\u00f3n de Recursos\u00bb use_icon=\u00bbon\u00bb font_icon=\u00bb%%127%%\u00bb icon_placement=\u00bbleft\u00bb admin_label=\u00bbInternational Law\u00bb _builder_version=\u00bb4.6.5&#8243; header_level=\u00bbh5&#8243; header_font=\u00bb|700||on|||||\u00bb header_font_size=\u00bb14&#8243; header_letter_spacing=\u00bb1px\u00bb body_font=\u00bb|||on|||||\u00bb body_font_size=\u00bb10px\u00bb body_letter_spacing=\u00bb2px\u00bb animation=\u00bboff\u00bb border_color_all_image=\u00bbrgba(51,51,51,0)\u00bb]<\/p>\n<p>Interposici\u00f3n de todo tipo de Recursos por asuntos fiscales<\/p>\n<p>[\/et_pb_blurb][\/et_pb_column][\/et_pb_row][\/et_pb_section][et_pb_section fb_built=\u00bb1&#8243; _builder_version=\u00bb4.4.2&#8243; use_background_color_gradient=\u00bbon\u00bb background_color_gradient_start=\u00bbrgba(255,255,255,0.9)\u00bb background_color_gradient_end=\u00bbrgba(255,255,255,0.9)\u00bb background_color_gradient_overlays_image=\u00bbon\u00bb background_image=\u00bbhttps:\/\/import.diviextended.com\/divi-attorney\/wp-content\/uploads\/2020\/04\/consultation-image.jpg\u00bb global_module=\u00bb54032&#8243;][et_pb_row column_structure=\u00bb1_3,2_3&#8243; _builder_version=\u00bb4.4.2&#8243;][et_pb_column type=\u00bb1_3&#8243; _builder_version=\u00bb4.4.2&#8243; background_color=\u00bbrgba(16,25,75,0.8)\u00bb custom_padding=\u00bb20px|20px|20px|20px\u00bb custom_padding__hover=\u00bb|||\u00bb][et_pb_text admin_label=\u00bbReach Your Attorney\u00bb _builder_version=\u00bb4.6.5&#8243; header_3_font=\u00bb|700|||||||\u00bb header_3_text_align=\u00bbcenter\u00bb header_3_font_size=\u00bb26px\u00bb header_3_letter_spacing=\u00bb1px\u00bb header_3_line_height=\u00bb1.3em\u00bb background_layout=\u00bbdark\u00bb]<\/p>\n<h3>Contacta con Tu Abogado<\/h3>\n<p>[\/et_pb_text][et_pb_text admin_label=\u00bbPhone Number\u00bb _builder_version=\u00bb4.6.5&#8243; text_font_size=\u00bb16px\u00bb text_orientation=\u00bbcenter\u00bb background_layout=\u00bbdark\u00bb custom_margin=\u00bb||0px|\u00bb]<\/p>\n<p>En Algeciras:<\/p>\n<p><a style=\"color: #fff;\" href=\"tel:+0034-956666059\">+0034-956666059<\/a><br \/>\n<a style=\"color: #fff;\" href=\"tel:+0034-609528886\">+0034-609528886<\/a><\/p>\n<p>En Sotogrande y P.N. de Guadiaro<\/p>\n<p><a style=\"color: #fff;\" href=\"tel:+0034-956695528\">+0034-956695528<\/a><br \/>\n<a style=\"color: #fff;\" href=\"tel:+0034-609528886\">+0034-609528886<\/a>[\/et_pb_text][et_pb_divider show_divider=\u00bboff\u00bb _builder_version=\u00bb4.4.2&#8243; max_width=\u00bb15px\u00bb module_alignment=\u00bbcenter\u00bb height=\u00bb30px\u00bb custom_margin=\u00bb||0px|\u00bb][\/et_pb_divider][et_pb_text admin_label=\u00bbEmail\u00bb _builder_version=\u00bb4.6.5&#8243; text_font_size=\u00bb16px\u00bb text_orientation=\u00bbcenter\u00bb background_layout=\u00bbdark\u00bb custom_margin=\u00bb||0px|\u00bb]<\/p>\n<p><a href=\"mailto:jigdeandres_despacho@yahoo.com\" style=\"color: #fff;\">jigdeandres_despacho@yahoo.com<\/a><\/p>\n<p>[\/et_pb_text][et_pb_divider show_divider=\u00bboff\u00bb _builder_version=\u00bb3.2&#8243; max_width=\u00bb15px\u00bb module_alignment=\u00bbcenter\u00bb height=\u00bb30px\u00bb custom_margin=\u00bb||0px|\u00bb][\/et_pb_divider][et_pb_social_media_follow url_new_window=\u00bboff\u00bb _builder_version=\u00bb4.4.2&#8243; text_orientation=\u00bbcenter\u00bb background_layout=\u00bbdark\u00bb][et_pb_social_media_follow_network social_network=\u00bbfacebook\u00bb _builder_version=\u00bb4.4.2&#8243; follow_button=\u00bboff\u00bb url_new_window=\u00bboff\u00bb]<\/p>\n<p>Facebook<\/p>\n<p>[\/et_pb_social_media_follow_network][et_pb_social_media_follow_network social_network=\u00bbtwitter\u00bb _builder_version=\u00bb3.0.91&#8243; follow_button=\u00bboff\u00bb url_new_window=\u00bboff\u00bb]<\/p>\n<p>Twitter<\/p>\n<p>[\/et_pb_social_media_follow_network][et_pb_social_media_follow_network social_network=\u00bblinkedin\u00bb _builder_version=\u00bb3.0.91&#8243; follow_button=\u00bboff\u00bb url_new_window=\u00bboff\u00bb]<\/p>\n<p>LinkedIn<\/p>\n<p>[\/et_pb_social_media_follow_network][\/et_pb_social_media_follow][\/et_pb_column][et_pb_column type=\u00bb2_3&#8243; _builder_version=\u00bb3.25&#8243; custom_padding=\u00bb|||\u00bb custom_padding__hover=\u00bb|||\u00bb][et_pb_contact_form captcha=\u00bboff\u00bb title=\u00bbHaznos una consulta\u00bb submit_button_text=\u00bbEnviar\u00bb module_class=\u00bbda-cta-form\u00bb _builder_version=\u00bb4.6.5&#8243; form_field_background_color=\u00bb#ffffff\u00bb title_level=\u00bbh2&#8243; title_font=\u00bb|700|||||||\u00bb title_letter_spacing=\u00bb1px\u00bb form_background_color=\u00bb#ffffff\u00bb][et_pb_contact_field field_id=\u00bbName\u00bb field_title=\u00bbNombre\u00bb _builder_version=\u00bb4.6.5&#8243; button_text_size__hover_enabled=\u00bboff\u00bb button_one_text_size__hover_enabled=\u00bboff\u00bb button_two_text_size__hover_enabled=\u00bboff\u00bb button_text_color__hover_enabled=\u00bboff\u00bb button_one_text_color__hover_enabled=\u00bboff\u00bb button_two_text_color__hover_enabled=\u00bboff\u00bb button_border_width__hover_enabled=\u00bboff\u00bb button_one_border_width__hover_enabled=\u00bboff\u00bb button_two_border_width__hover_enabled=\u00bboff\u00bb button_border_color__hover_enabled=\u00bboff\u00bb button_one_border_color__hover_enabled=\u00bboff\u00bb button_two_border_color__hover_enabled=\u00bboff\u00bb button_border_radius__hover_enabled=\u00bboff\u00bb button_one_border_radius__hover_enabled=\u00bboff\u00bb button_two_border_radius__hover_enabled=\u00bboff\u00bb button_letter_spacing__hover_enabled=\u00bboff\u00bb button_one_letter_spacing__hover_enabled=\u00bboff\u00bb button_two_letter_spacing__hover_enabled=\u00bboff\u00bb button_bg_color__hover_enabled=\u00bboff\u00bb button_one_bg_color__hover_enabled=\u00bboff\u00bb button_two_bg_color__hover_enabled=\u00bboff\u00bb][\/et_pb_contact_field][et_pb_contact_field field_id=\u00bbEmail\u00bb field_title=\u00bbEmail\u00bb field_type=\u00bbemail\u00bb _builder_version=\u00bb4.6.5&#8243; button_text_size__hover_enabled=\u00bboff\u00bb button_one_text_size__hover_enabled=\u00bboff\u00bb button_two_text_size__hover_enabled=\u00bboff\u00bb button_text_color__hover_enabled=\u00bboff\u00bb button_one_text_color__hover_enabled=\u00bboff\u00bb button_two_text_color__hover_enabled=\u00bboff\u00bb button_border_width__hover_enabled=\u00bboff\u00bb button_one_border_width__hover_enabled=\u00bboff\u00bb button_two_border_width__hover_enabled=\u00bboff\u00bb button_border_color__hover_enabled=\u00bboff\u00bb button_one_border_color__hover_enabled=\u00bboff\u00bb button_two_border_color__hover_enabled=\u00bboff\u00bb button_border_radius__hover_enabled=\u00bboff\u00bb button_one_border_radius__hover_enabled=\u00bboff\u00bb button_two_border_radius__hover_enabled=\u00bboff\u00bb button_letter_spacing__hover_enabled=\u00bboff\u00bb button_one_letter_spacing__hover_enabled=\u00bboff\u00bb button_two_letter_spacing__hover_enabled=\u00bboff\u00bb button_bg_color__hover_enabled=\u00bboff\u00bb button_one_bg_color__hover_enabled=\u00bboff\u00bb button_two_bg_color__hover_enabled=\u00bboff\u00bb][\/et_pb_contact_field][et_pb_contact_field field_id=\u00bbMessage\u00bb field_title=\u00bbMensaje\u00bb field_type=\u00bbtext\u00bb fullwidth_field=\u00bbon\u00bb _builder_version=\u00bb4.6.5&#8243; button_text_size__hover_enabled=\u00bboff\u00bb button_one_text_size__hover_enabled=\u00bboff\u00bb button_two_text_size__hover_enabled=\u00bboff\u00bb button_text_color__hover_enabled=\u00bboff\u00bb button_one_text_color__hover_enabled=\u00bboff\u00bb button_two_text_color__hover_enabled=\u00bboff\u00bb button_border_width__hover_enabled=\u00bboff\u00bb button_one_border_width__hover_enabled=\u00bboff\u00bb button_two_border_width__hover_enabled=\u00bboff\u00bb button_border_color__hover_enabled=\u00bboff\u00bb button_one_border_color__hover_enabled=\u00bboff\u00bb button_two_border_color__hover_enabled=\u00bboff\u00bb button_border_radius__hover_enabled=\u00bboff\u00bb button_one_border_radius__hover_enabled=\u00bboff\u00bb button_two_border_radius__hover_enabled=\u00bboff\u00bb button_letter_spacing__hover_enabled=\u00bboff\u00bb button_one_letter_spacing__hover_enabled=\u00bboff\u00bb button_two_letter_spacing__hover_enabled=\u00bboff\u00bb button_bg_color__hover_enabled=\u00bboff\u00bb button_one_bg_color__hover_enabled=\u00bboff\u00bb button_two_bg_color__hover_enabled=\u00bboff\u00bb][\/et_pb_contact_field][\/et_pb_contact_form][\/et_pb_column][\/et_pb_row][\/et_pb_section]<\/p>\n","protected":false},"excerpt":{"rendered":"<p>DERECHO FISCAL Y TRIBUTARIODespacho con amplia experiencia en el asesoramiento fiscal y tributario, de empresa y\/o individual. Asistencia a inspecciones fiscales, interposici\u00f3n de recursos, formalizaci\u00f3n de declaraci\u00f3n de todo tipo de impuestos y\/o tasas. Liquidaci\u00f3n de escrituras y\/o documentos notariales de cualquier tipo.Expertos en Derecho FiscalExpertos en Derecho TributarioAsistencia a Inspecciones FiscalesInterposici\u00f3n de todo tipo [&hellip;]<\/p>\n","protected":false},"author":1,"featured_media":53707,"parent":0,"menu_order":0,"comment_status":"closed","ping_status":"closed","template":"","meta":{"_et_pb_use_builder":"on","_et_pb_old_content":"","_et_gb_content_width":""},"yoast_head":"<!-- This site is optimized with the Yoast SEO plugin v19.9 - https:\/\/yoast.com\/wordpress\/plugins\/seo\/ -->\n<title>Derecho Fiscal y Tributario - De Andr\u00e9s Abogado<\/title>\n<meta name=\"robots\" content=\"index, follow, max-snippet:-1, max-image-preview:large, max-video-preview:-1\" \/>\n<link rel=\"canonical\" href=\"https:\/\/www.deandresabogado.com\/index.php\/attorney-profile\/\" \/>\n<meta property=\"og:locale\" content=\"es_ES\" \/>\n<meta property=\"og:type\" content=\"article\" \/>\n<meta property=\"og:title\" content=\"Derecho Fiscal y Tributario - De Andr\u00e9s Abogado\" \/>\n<meta property=\"og:description\" content=\"DERECHO FISCAL Y TRIBUTARIODespacho con amplia experiencia en el asesoramiento fiscal y tributario, de empresa y\/o individual. Asistencia a inspecciones fiscales, interposici\u00f3n de recursos, formalizaci\u00f3n de declaraci\u00f3n de todo tipo de impuestos y\/o tasas. Liquidaci\u00f3n de escrituras y\/o documentos notariales de cualquier tipo.Expertos en Derecho FiscalExpertos en Derecho TributarioAsistencia a Inspecciones FiscalesInterposici\u00f3n de todo tipo [&hellip;]\" \/>\n<meta property=\"og:url\" content=\"https:\/\/www.deandresabogado.com\/index.php\/attorney-profile\/\" \/>\n<meta property=\"og:site_name\" content=\"De Andr\u00e9s Abogado\" \/>\n<meta property=\"article:modified_time\" content=\"2020-12-03T09:46:04+00:00\" \/>\n<meta property=\"og:image\" content=\"http:\/\/www.deandresabogado.com\/wp-content\/uploads\/2020\/04\/need-help.jpg\" \/>\n\t<meta property=\"og:image:width\" content=\"1626\" \/>\n\t<meta property=\"og:image:height\" content=\"1080\" \/>\n\t<meta property=\"og:image:type\" content=\"image\/jpeg\" \/>\n<meta name=\"twitter:card\" content=\"summary_large_image\" \/>\n<meta name=\"twitter:label1\" content=\"Tiempo de lectura\" \/>\n\t<meta name=\"twitter:data1\" content=\"8 minutos\" \/>\n<script type=\"application\/ld+json\" class=\"yoast-schema-graph\">{\"@context\":\"https:\/\/schema.org\",\"@graph\":[{\"@type\":\"WebPage\",\"@id\":\"https:\/\/www.deandresabogado.com\/index.php\/attorney-profile\/\",\"url\":\"https:\/\/www.deandresabogado.com\/index.php\/attorney-profile\/\",\"name\":\"Derecho Fiscal y Tributario - De Andr\u00e9s Abogado\",\"isPartOf\":{\"@id\":\"https:\/\/www.deandresabogado.com\/#website\"},\"datePublished\":\"2017-12-08T11:06:09+00:00\",\"dateModified\":\"2020-12-03T09:46:04+00:00\",\"breadcrumb\":{\"@id\":\"https:\/\/www.deandresabogado.com\/index.php\/attorney-profile\/#breadcrumb\"},\"inLanguage\":\"es\",\"potentialAction\":[{\"@type\":\"ReadAction\",\"target\":[\"https:\/\/www.deandresabogado.com\/index.php\/attorney-profile\/\"]}]},{\"@type\":\"BreadcrumbList\",\"@id\":\"https:\/\/www.deandresabogado.com\/index.php\/attorney-profile\/#breadcrumb\",\"itemListElement\":[{\"@type\":\"ListItem\",\"position\":1,\"name\":\"Home\",\"item\":\"https:\/\/www.deandresabogado.com\/\"},{\"@type\":\"ListItem\",\"position\":2,\"name\":\"Derecho Fiscal y Tributario\"}]},{\"@type\":\"WebSite\",\"@id\":\"https:\/\/www.deandresabogado.com\/#website\",\"url\":\"https:\/\/www.deandresabogado.com\/\",\"name\":\"De Andr\u00e9s Abogado\",\"description\":\"Abogado Algeciras\",\"potentialAction\":[{\"@type\":\"SearchAction\",\"target\":{\"@type\":\"EntryPoint\",\"urlTemplate\":\"https:\/\/www.deandresabogado.com\/?s={search_term_string}\"},\"query-input\":\"required name=search_term_string\"}],\"inLanguage\":\"es\"}]}<\/script>\n<!-- \/ Yoast SEO plugin. -->","yoast_head_json":{"title":"Derecho Fiscal y Tributario - De Andr\u00e9s Abogado","robots":{"index":"index","follow":"follow","max-snippet":"max-snippet:-1","max-image-preview":"max-image-preview:large","max-video-preview":"max-video-preview:-1"},"canonical":"https:\/\/www.deandresabogado.com\/index.php\/attorney-profile\/","og_locale":"es_ES","og_type":"article","og_title":"Derecho Fiscal y Tributario - De Andr\u00e9s Abogado","og_description":"DERECHO FISCAL Y TRIBUTARIODespacho con amplia experiencia en el asesoramiento fiscal y tributario, de empresa y\/o individual. Asistencia a inspecciones fiscales, interposici\u00f3n de recursos, formalizaci\u00f3n de declaraci\u00f3n de todo tipo de impuestos y\/o tasas. Liquidaci\u00f3n de escrituras y\/o documentos notariales de cualquier tipo.Expertos en Derecho FiscalExpertos en Derecho TributarioAsistencia a Inspecciones FiscalesInterposici\u00f3n de todo tipo [&hellip;]","og_url":"https:\/\/www.deandresabogado.com\/index.php\/attorney-profile\/","og_site_name":"De Andr\u00e9s Abogado","article_modified_time":"2020-12-03T09:46:04+00:00","og_image":[{"width":1626,"height":1080,"url":"http:\/\/www.deandresabogado.com\/wp-content\/uploads\/2020\/04\/need-help.jpg","type":"image\/jpeg"}],"twitter_card":"summary_large_image","twitter_misc":{"Tiempo de lectura":"8 minutos"},"schema":{"@context":"https:\/\/schema.org","@graph":[{"@type":"WebPage","@id":"https:\/\/www.deandresabogado.com\/index.php\/attorney-profile\/","url":"https:\/\/www.deandresabogado.com\/index.php\/attorney-profile\/","name":"Derecho Fiscal y Tributario - De Andr\u00e9s Abogado","isPartOf":{"@id":"https:\/\/www.deandresabogado.com\/#website"},"datePublished":"2017-12-08T11:06:09+00:00","dateModified":"2020-12-03T09:46:04+00:00","breadcrumb":{"@id":"https:\/\/www.deandresabogado.com\/index.php\/attorney-profile\/#breadcrumb"},"inLanguage":"es","potentialAction":[{"@type":"ReadAction","target":["https:\/\/www.deandresabogado.com\/index.php\/attorney-profile\/"]}]},{"@type":"BreadcrumbList","@id":"https:\/\/www.deandresabogado.com\/index.php\/attorney-profile\/#breadcrumb","itemListElement":[{"@type":"ListItem","position":1,"name":"Home","item":"https:\/\/www.deandresabogado.com\/"},{"@type":"ListItem","position":2,"name":"Derecho Fiscal y Tributario"}]},{"@type":"WebSite","@id":"https:\/\/www.deandresabogado.com\/#website","url":"https:\/\/www.deandresabogado.com\/","name":"De Andr\u00e9s Abogado","description":"Abogado Algeciras","potentialAction":[{"@type":"SearchAction","target":{"@type":"EntryPoint","urlTemplate":"https:\/\/www.deandresabogado.com\/?s={search_term_string}"},"query-input":"required name=search_term_string"}],"inLanguage":"es"}]}},"_links":{"self":[{"href":"https:\/\/www.deandresabogado.com\/index.php\/wp-json\/wp\/v2\/pages\/413"}],"collection":[{"href":"https:\/\/www.deandresabogado.com\/index.php\/wp-json\/wp\/v2\/pages"}],"about":[{"href":"https:\/\/www.deandresabogado.com\/index.php\/wp-json\/wp\/v2\/types\/page"}],"author":[{"embeddable":true,"href":"https:\/\/www.deandresabogado.com\/index.php\/wp-json\/wp\/v2\/users\/1"}],"replies":[{"embeddable":true,"href":"https:\/\/www.deandresabogado.com\/index.php\/wp-json\/wp\/v2\/comments?post=413"}],"version-history":[{"count":3,"href":"https:\/\/www.deandresabogado.com\/index.php\/wp-json\/wp\/v2\/pages\/413\/revisions"}],"predecessor-version":[{"id":55500,"href":"https:\/\/www.deandresabogado.com\/index.php\/wp-json\/wp\/v2\/pages\/413\/revisions\/55500"}],"wp:featuredmedia":[{"embeddable":true,"href":"https:\/\/www.deandresabogado.com\/index.php\/wp-json\/wp\/v2\/media\/53707"}],"wp:attachment":[{"href":"https:\/\/www.deandresabogado.com\/index.php\/wp-json\/wp\/v2\/media?parent=413"}],"curies":[{"name":"wp","href":"https:\/\/api.w.org\/{rel}","templated":true}]}}